{"id":5139,"date":"2020-07-20T13:38:03","date_gmt":"2020-07-20T11:38:03","guid":{"rendered":"https:\/\/wirtschaftskanzlei.at\/privacy-policy\/"},"modified":"2026-03-31T12:32:01","modified_gmt":"2026-03-31T10:32:01","slug":"privacy-policy","status":"publish","type":"page","link":"https:\/\/wirtschaftskanzlei.at\/en\/privacy-policy\/","title":{"rendered":"Privacy Policy"},"content":{"rendered":"<div class=\"fusion-fullwidth fullwidth-box fusion-builder-row-1 fusion-flex-container nonhundred-percent-fullwidth non-hundred-percent-height-scrolling\" style=\"--awb-border-radius-top-left:0px;--awb-border-radius-top-right:0px;--awb-border-radius-bottom-right:0px;--awb-border-radius-bottom-left:0px;--awb-padding-top:20px;--awb-flex-wrap:wrap;\" ><div class=\"fusion-builder-row fusion-row fusion-flex-align-items-flex-start fusion-flex-content-wrap\" style=\"max-width:1248px;margin-left: calc(-4% \/ 2 );margin-right: calc(-4% \/ 2 );\"><div class=\"fusion-layout-column fusion_builder_column fusion-builder-column-0 fusion_builder_column_1_1 1_1 fusion-flex-column\" style=\"--awb-bg-size:cover;--awb-width-large:100%;--awb-margin-top-large:0px;--awb-spacing-right-large:1.92%;--awb-margin-bottom-large:10px;--awb-spacing-left-large:1.92%;--awb-width-medium:50%;--awb-order-medium:0;--awb-spacing-right-medium:0.96%;--awb-spacing-left-medium:3.84%;--awb-width-small:100%;--awb-order-small:0;--awb-spacing-right-small:1.92%;--awb-spacing-left-small:1.92%;\"><div class=\"fusion-column-wrapper fusion-column-has-shadow fusion-flex-justify-content-flex-start fusion-content-layout-column\"><div class=\"fusion-title title fusion-title-1 fusion-sep-none fusion-title-text fusion-title-size-one\" style=\"--awb-margin-bottom:10px;--awb-margin-top-small:10px;--awb-margin-right-small:0px;--awb-margin-bottom-small:10px;--awb-margin-left-small:0px;--awb-font-size:30px;\"><h1 class=\"fusion-title-heading title-heading-left fusion-responsive-typography-calculated\" style=\"margin:0;text-transform:uppercase;font-size:1em;--fontSize:30;line-height:1.4;\">Transparenz im Umgang mit Ihren Daten<br \/>so sch\u00fctzen wir Ihre Privatsph\u00e4re<\/h1><\/div><div class=\"fusion-separator\" style=\"align-self: flex-start;margin-right:auto;margin-bottom:50px;width:100%;max-width:260px;\"><div class=\"fusion-separator-border sep-single sep-solid\" style=\"--awb-height:20px;--awb-amount:20px;--awb-sep-color:#67778e;border-color:#67778e;border-top-width:4px;\"><\/div><\/div><\/div><\/div><div class=\"fusion-layout-column fusion_builder_column fusion-builder-column-1 fusion_builder_column_1_1 1_1 fusion-flex-column\" style=\"--awb-bg-blend:overlay;--awb-bg-size:cover;--awb-width-large:100%;--awb-margin-top-large:0px;--awb-spacing-right-large:1.92%;--awb-margin-bottom-large:0px;--awb-spacing-left-large:1.92%;--awb-width-medium:100%;--awb-spacing-right-medium:1.92%;--awb-spacing-left-medium:1.92%;--awb-width-small:100%;--awb-spacing-right-small:1.92%;--awb-spacing-left-small:1.92%;\"><div class=\"fusion-column-wrapper fusion-flex-justify-content-flex-start fusion-content-layout-column\"><div class=\"fusion-text fusion-text-1\"><\/p>\n<p>Als Berufsgruppen, die zum Teil auch gesetzlichen Verschwiegenheitsverpflichtungen unterliegen, nehmen wir naturgem\u00e4\u00df die Verpflichtung, den Schutz Ihrer personenbezogenen Daten sicherzustellen, sehr ernst. Wir weisen Sie darauf hin, dass beim Besuch dieser Website grunds\u00e4tzlich keine personenbezogenen Daten gespeichert und verarbeitet werden.<\/p>\n<p>Nur f\u00fcr den Fall, dass Sie mit uns in Kontakt treten wollen, haben sie an verschiedenen Stellen unserer Homepage die M\u00f6glichkeit, uns bestimmte Daten zu \u00fcbermitteln. Mit Eingabe und \u00dcbermittlung der Daten, stimmen Sie der Verarbeitung der jeweils angegebenen Daten zur Bearbeitung Ihres Anliegens zu. Eine Datenweitergabe an Dritte findet nicht statt, es sei denn, wir sind gesetzlich dazu verpflichtet.<\/p>\n<p>Zum Schutz Ihrer bekanntgegebenen personenbezogenen Daten haben wir entsprechende organisatorische, technische und betriebliche Sicherheitsvorkehrungen getroffen, die regelm\u00e4\u00dfig \u00fcberpr\u00fcft und fortentwickelt werden. Nur den mit der Kl\u00e4rung Ihres Anliegens befassten Personen, wird der Zugriff auf Ihre Daten gestattet.<\/p>\n<p>Sollten Sie zum Thema Datenschutz Fragen haben, k\u00f6nnen Sie sich direkt mit uns in Verbindung setzen.<\/p>\n<p>Die Einwilligung in die Verarbeitung Ihrer personenbezogenen Daten zu den oben angef\u00fchrten Zwecken kann jederzeit kostenfrei (mit Ausnahme eventueller \u00dcbermittlungs- oder Verbindungsentgelte) gegen\u00fcber uns per E-Mail an\u00a0<span class=\"mail-address\">wirtschaftskanzlei@vienna.at<\/span>\u00a0widerrufen werden.<\/p>\n<p>Unter den oben angef\u00fchrten Kontaktadressen k\u00f6nnen Sie von uns grunds\u00e4tzlich unentgeltliche Ausk\u00fcnfte \u00fcber die von Ihnen gespeicherten personenbezogenen Daten verlangen. Au\u00dferdem sind Sie berechtigt, die Berichtigung, Sperrung oder L\u00f6schung Ihrer personenbezogenen Daten, mit Ausnahme jener, die von uns f\u00fcr Abrechnungszwecke ben\u00f6tigt werden oder f\u00fcr die eine gesetzliche Aufbewahrungsfrist gilt, zu verlangen.<\/p>\n<p>&nbsp;<\/p><\/p>\n<\/div><\/div><\/div><\/div><\/div>","protected":false},"excerpt":{"rendered":"","protected":false},"author":10,"featured_media":0,"parent":0,"menu_order":50,"comment_status":"closed","ping_status":"closed","template":"","meta":{"footnotes":""},"class_list":["post-5139","page","type-page","status-publish","hentry"],"yoast_head":"<!-- This site is optimized with the Yoast SEO plugin v27.3 - https:\/\/yoast.com\/product\/yoast-seo-wordpress\/ -->\n<title>Privacy Policy | Die Wirtschaftskanzlei Wien<\/title>\n<meta name=\"description\" content=\"Privacy Policy Information | Vienna Business Law Firm | Lawyers | Tax Advisors | Real Estate | Die Wirtschaftskanzlei Vienna\" \/>\n<meta name=\"robots\" content=\"index, follow, max-snippet:-1, max-image-preview:large, max-video-preview:-1\" \/>\n<link rel=\"canonical\" href=\"https:\/\/wirtschaftskanzlei.at\/en\/privacy-policy\/\" \/>\n<meta property=\"og:locale\" content=\"en_US\" \/>\n<meta property=\"og:type\" content=\"article\" \/>\n<meta property=\"og:title\" content=\"Privacy Policy | Die Wirtschaftskanzlei Wien\" \/>\n<meta property=\"og:description\" content=\"Privacy Policy Information | Vienna Business Law Firm | Lawyers | Tax Advisors | Real Estate | Die Wirtschaftskanzlei Vienna\" \/>\n<meta property=\"og:url\" content=\"https:\/\/wirtschaftskanzlei.at\/en\/privacy-policy\/\" \/>\n<meta property=\"og:site_name\" content=\"Die Wirtschaftskanzlei \u2013 Recht | Steuern |\u00a0Immobilien\" \/>\n<meta property=\"article:modified_time\" content=\"2026-03-31T10:32:01+00:00\" \/>\n<meta name=\"twitter:card\" content=\"summary_large_image\" \/>\n<meta name=\"twitter:label1\" content=\"Est. reading time\" \/>\n\t<meta name=\"twitter:data1\" content=\"2 minutes\" \/>\n<script type=\"application\/ld+json\" class=\"yoast-schema-graph\">{\"@context\":\"https:\\\/\\\/schema.org\",\"@graph\":[{\"@type\":\"WebPage\",\"@id\":\"https:\\\/\\\/wirtschaftskanzlei.at\\\/en\\\/privacy-policy\\\/\",\"url\":\"https:\\\/\\\/wirtschaftskanzlei.at\\\/en\\\/privacy-policy\\\/\",\"name\":\"Privacy Policy | Die Wirtschaftskanzlei Wien\",\"isPartOf\":{\"@id\":\"https:\\\/\\\/wirtschaftskanzlei.at\\\/en\\\/#website\"},\"datePublished\":\"2020-07-20T11:38:03+00:00\",\"dateModified\":\"2026-03-31T10:32:01+00:00\",\"description\":\"Privacy Policy Information | Vienna Business Law Firm | Lawyers | Tax Advisors | Real Estate | Die Wirtschaftskanzlei Vienna\",\"breadcrumb\":{\"@id\":\"https:\\\/\\\/wirtschaftskanzlei.at\\\/en\\\/privacy-policy\\\/#breadcrumb\"},\"inLanguage\":\"en-US\",\"potentialAction\":[{\"@type\":\"ReadAction\",\"target\":[\"https:\\\/\\\/wirtschaftskanzlei.at\\\/en\\\/privacy-policy\\\/\"]}]},{\"@type\":\"BreadcrumbList\",\"@id\":\"https:\\\/\\\/wirtschaftskanzlei.at\\\/en\\\/privacy-policy\\\/#breadcrumb\",\"itemListElement\":[{\"@type\":\"ListItem\",\"position\":1,\"name\":\"Startseite\",\"item\":\"https:\\\/\\\/wirtschaftskanzlei.at\\\/en\\\/\"},{\"@type\":\"ListItem\",\"position\":2,\"name\":\"Privacy Policy\"}]},{\"@type\":\"WebSite\",\"@id\":\"https:\\\/\\\/wirtschaftskanzlei.at\\\/en\\\/#website\",\"url\":\"https:\\\/\\\/wirtschaftskanzlei.at\\\/en\\\/\",\"name\":\"Die Wirtschaftskanzlei \u2013 Recht | Steuern |\u00a0Immobilien\",\"description\":\"Kooperation schafft Vorsprung.\",\"publisher\":{\"@id\":\"https:\\\/\\\/wirtschaftskanzlei.at\\\/en\\\/#organization\"},\"potentialAction\":[{\"@type\":\"SearchAction\",\"target\":{\"@type\":\"EntryPoint\",\"urlTemplate\":\"https:\\\/\\\/wirtschaftskanzlei.at\\\/en\\\/?s={search_term_string}\"},\"query-input\":{\"@type\":\"PropertyValueSpecification\",\"valueRequired\":true,\"valueName\":\"search_term_string\"}}],\"inLanguage\":\"en-US\"},{\"@type\":\"Organization\",\"@id\":\"https:\\\/\\\/wirtschaftskanzlei.at\\\/en\\\/#organization\",\"name\":\"Die Wirtschaftskanzlei \u2013 Recht | Steuern |\u00a0Immobilien\",\"url\":\"https:\\\/\\\/wirtschaftskanzlei.at\\\/en\\\/\",\"logo\":{\"@type\":\"ImageObject\",\"inLanguage\":\"en-US\",\"@id\":\"https:\\\/\\\/wirtschaftskanzlei.at\\\/en\\\/#\\\/schema\\\/logo\\\/image\\\/\",\"url\":\"https:\\\/\\\/wirtschaftskanzlei.at\\\/wp-content\\\/uploads\\\/2020\\\/10\\\/Logo_DieWirtschaftskanzlei_x2.png\",\"contentUrl\":\"https:\\\/\\\/wirtschaftskanzlei.at\\\/wp-content\\\/uploads\\\/2020\\\/10\\\/Logo_DieWirtschaftskanzlei_x2.png\",\"width\":720,\"height\":45,\"caption\":\"Die Wirtschaftskanzlei \u2013 Recht | Steuern |\u00a0Immobilien\"},\"image\":{\"@id\":\"https:\\\/\\\/wirtschaftskanzlei.at\\\/en\\\/#\\\/schema\\\/logo\\\/image\\\/\"}}]}<\/script>\n<!-- \/ Yoast SEO plugin. -->","yoast_head_json":{"title":"Privacy Policy | Die Wirtschaftskanzlei Wien","description":"Privacy Policy Information | Vienna Business Law Firm | Lawyers | Tax Advisors | Real Estate | Die Wirtschaftskanzlei Vienna","robots":{"index":"index","follow":"follow","max-snippet":"max-snippet:-1","max-image-preview":"max-image-preview:large","max-video-preview":"max-video-preview:-1"},"canonical":"https:\/\/wirtschaftskanzlei.at\/en\/privacy-policy\/","og_locale":"en_US","og_type":"article","og_title":"Privacy Policy | Die Wirtschaftskanzlei Wien","og_description":"Privacy Policy Information | Vienna Business Law Firm | Lawyers | Tax Advisors | Real Estate | Die Wirtschaftskanzlei Vienna","og_url":"https:\/\/wirtschaftskanzlei.at\/en\/privacy-policy\/","og_site_name":"Die Wirtschaftskanzlei \u2013 Recht | Steuern |\u00a0Immobilien","article_modified_time":"2026-03-31T10:32:01+00:00","twitter_card":"summary_large_image","twitter_misc":{"Est. reading time":"2 minutes"},"schema":{"@context":"https:\/\/schema.org","@graph":[{"@type":"WebPage","@id":"https:\/\/wirtschaftskanzlei.at\/en\/privacy-policy\/","url":"https:\/\/wirtschaftskanzlei.at\/en\/privacy-policy\/","name":"Privacy Policy | Die Wirtschaftskanzlei Wien","isPartOf":{"@id":"https:\/\/wirtschaftskanzlei.at\/en\/#website"},"datePublished":"2020-07-20T11:38:03+00:00","dateModified":"2026-03-31T10:32:01+00:00","description":"Privacy Policy Information | Vienna Business Law Firm | Lawyers | Tax Advisors | Real Estate | Die Wirtschaftskanzlei Vienna","breadcrumb":{"@id":"https:\/\/wirtschaftskanzlei.at\/en\/privacy-policy\/#breadcrumb"},"inLanguage":"en-US","potentialAction":[{"@type":"ReadAction","target":["https:\/\/wirtschaftskanzlei.at\/en\/privacy-policy\/"]}]},{"@type":"BreadcrumbList","@id":"https:\/\/wirtschaftskanzlei.at\/en\/privacy-policy\/#breadcrumb","itemListElement":[{"@type":"ListItem","position":1,"name":"Startseite","item":"https:\/\/wirtschaftskanzlei.at\/en\/"},{"@type":"ListItem","position":2,"name":"Privacy Policy"}]},{"@type":"WebSite","@id":"https:\/\/wirtschaftskanzlei.at\/en\/#website","url":"https:\/\/wirtschaftskanzlei.at\/en\/","name":"Die Wirtschaftskanzlei \u2013 Recht | Steuern |\u00a0Immobilien","description":"Kooperation schafft Vorsprung.","publisher":{"@id":"https:\/\/wirtschaftskanzlei.at\/en\/#organization"},"potentialAction":[{"@type":"SearchAction","target":{"@type":"EntryPoint","urlTemplate":"https:\/\/wirtschaftskanzlei.at\/en\/?s={search_term_string}"},"query-input":{"@type":"PropertyValueSpecification","valueRequired":true,"valueName":"search_term_string"}}],"inLanguage":"en-US"},{"@type":"Organization","@id":"https:\/\/wirtschaftskanzlei.at\/en\/#organization","name":"Die Wirtschaftskanzlei \u2013 Recht | Steuern |\u00a0Immobilien","url":"https:\/\/wirtschaftskanzlei.at\/en\/","logo":{"@type":"ImageObject","inLanguage":"en-US","@id":"https:\/\/wirtschaftskanzlei.at\/en\/#\/schema\/logo\/image\/","url":"https:\/\/wirtschaftskanzlei.at\/wp-content\/uploads\/2020\/10\/Logo_DieWirtschaftskanzlei_x2.png","contentUrl":"https:\/\/wirtschaftskanzlei.at\/wp-content\/uploads\/2020\/10\/Logo_DieWirtschaftskanzlei_x2.png","width":720,"height":45,"caption":"Die Wirtschaftskanzlei \u2013 Recht | Steuern |\u00a0Immobilien"},"image":{"@id":"https:\/\/wirtschaftskanzlei.at\/en\/#\/schema\/logo\/image\/"}}]}},"_links":{"self":[{"href":"https:\/\/wirtschaftskanzlei.at\/en\/wp-json\/wp\/v2\/pages\/5139","targetHints":{"allow":["GET"]}}],"collection":[{"href":"https:\/\/wirtschaftskanzlei.at\/en\/wp-json\/wp\/v2\/pages"}],"about":[{"href":"https:\/\/wirtschaftskanzlei.at\/en\/wp-json\/wp\/v2\/types\/page"}],"author":[{"embeddable":true,"href":"https:\/\/wirtschaftskanzlei.at\/en\/wp-json\/wp\/v2\/users\/10"}],"replies":[{"embeddable":true,"href":"https:\/\/wirtschaftskanzlei.at\/en\/wp-json\/wp\/v2\/comments?post=5139"}],"version-history":[{"count":2,"href":"https:\/\/wirtschaftskanzlei.at\/en\/wp-json\/wp\/v2\/pages\/5139\/revisions"}],"predecessor-version":[{"id":5141,"href":"https:\/\/wirtschaftskanzlei.at\/en\/wp-json\/wp\/v2\/pages\/5139\/revisions\/5141"}],"wp:attachment":[{"href":"https:\/\/wirtschaftskanzlei.at\/en\/wp-json\/wp\/v2\/media?parent=5139"}],"curies":[{"name":"wp","href":"https:\/\/api.w.org\/{rel}","templated":true}]}}