{"id":4953,"date":"2021-02-18T14:59:14","date_gmt":"2021-02-18T13:59:14","guid":{"rendered":"https:\/\/wirtschaftskanzlei.at\/law\/employment-law\/"},"modified":"2026-03-31T09:24:02","modified_gmt":"2026-03-31T07:24:02","slug":"employment-law","status":"publish","type":"page","link":"https:\/\/wirtschaftskanzlei.at\/en\/law\/employment-law\/","title":{"rendered":"Employment Law"},"content":{"rendered":"<p><div class=\"fusion-fullwidth fullwidth-box fusion-builder-row-1 fusion-flex-container nonhundred-percent-fullwidth non-hundred-percent-height-scrolling\" style=\"--awb-border-radius-top-left:0px;--awb-border-radius-top-right:0px;--awb-border-radius-bottom-right:0px;--awb-border-radius-bottom-left:0px;--awb-padding-top-medium:0px;--awb-margin-top:20px;--awb-margin-top-medium:85px;--awb-flex-wrap:wrap;\" ><div class=\"fusion-builder-row fusion-row fusion-flex-align-items-flex-start fusion-flex-content-wrap\" style=\"max-width:1248px;margin-left: calc(-4% \/ 2 );margin-right: calc(-4% \/ 2 );\"><div class=\"fusion-layout-column fusion_builder_column fusion-builder-column-0 fusion_builder_column_1_1 1_1 fusion-flex-column\" style=\"--awb-bg-size:cover;--awb-width-large:100%;--awb-margin-top-large:0px;--awb-spacing-right-large:1.92%;--awb-margin-bottom-large:20px;--awb-spacing-left-large:1.92%;--awb-width-medium:50%;--awb-order-medium:0;--awb-spacing-right-medium:0.96%;--awb-spacing-left-medium:3.84%;--awb-width-small:100%;--awb-order-small:0;--awb-spacing-right-small:1.92%;--awb-spacing-left-small:1.92%;\"><div class=\"fusion-column-wrapper fusion-column-has-shadow fusion-flex-justify-content-flex-start fusion-content-layout-column\"><div class=\"fusion-title title fusion-title-1 fusion-sep-none fusion-title-text fusion-title-size-one\" style=\"--awb-text-color:#1c57ae;--awb-margin-top:0px;--awb-margin-bottom:10px;--awb-margin-top-small:10px;--awb-margin-right-small:0px;--awb-margin-bottom-small:10px;--awb-margin-left-small:0px;--awb-font-size:30px;\"><h1 class=\"fusion-title-heading title-heading-left fusion-responsive-typography-calculated\" style=\"margin:0;font-size:1em;--fontSize:30;line-height:1.4;\">EMPLOYMENT LAW<\/h1><\/div><div class=\"fusion-separator\" style=\"align-self: flex-start;margin-right:auto;margin-bottom:50px;width:100%;max-width:270px;\"><div class=\"fusion-separator-border sep-single sep-solid\" style=\"--awb-height:20px;--awb-amount:20px;--awb-sep-color:#1c57ae;border-color:#1c57ae;border-top-width:4px;\"><\/div><\/div><\/div><\/div><\/div><\/div><div class=\"fusion-fullwidth fullwidth-box fusion-builder-row-2 fusion-flex-container nonhundred-percent-fullwidth non-hundred-percent-height-scrolling\" style=\"--awb-border-radius-top-left:0px;--awb-border-radius-top-right:0px;--awb-border-radius-bottom-right:0px;--awb-border-radius-bottom-left:0px;--awb-padding-bottom:0px;--awb-margin-bottom:74px;--awb-flex-wrap:wrap;\" ><div class=\"fusion-builder-row fusion-row fusion-flex-align-items-flex-start fusion-flex-content-wrap\" style=\"max-width:1248px;margin-left: calc(-4% \/ 2 );margin-right: calc(-4% \/ 2 );\"><div class=\"fusion-layout-column fusion_builder_column fusion-builder-column-1 fusion_builder_column_1_1 1_1 fusion-flex-column\" style=\"--awb-bg-size:cover;--awb-width-large:100%;--awb-margin-top-large:0px;--awb-spacing-right-large:1.92%;--awb-margin-bottom-large:20px;--awb-spacing-left-large:1.92%;--awb-width-medium:100%;--awb-order-medium:0;--awb-spacing-right-medium:1.92%;--awb-spacing-left-medium:1.92%;--awb-width-small:100%;--awb-order-small:0;--awb-spacing-right-small:1.92%;--awb-spacing-left-small:1.92%;\"><div class=\"fusion-column-wrapper fusion-column-has-shadow fusion-flex-justify-content-flex-start fusion-content-layout-column\"><div class=\"fusion-text fusion-text-1 mblfont\" style=\"--awb-font-size:27px;\"><p>This includes drafting and reviewing all employment-law agreements, in particular employment contracts, assistance with issues during the contractual relationship, as well as advice on termination and representation in court. Our services also cover employment-law advice in all forms of transfer and succession of companies or businesses. Through our ongoing cooperation with a tax advisory firm including payroll accounting, we can provide comprehensive support for both employers and employees. Die arbeitsrechtliche Beratung bei allen Formen der \u00dcbertragung und Weitergabe von Unternehmen bzw. Betrieben rundet unser Portfolie ab. Durch unsere st\u00e4ndige Kooperation mit einer Steuerberatung inklusive Lohnverrechnung k\u00f6nnen wir sowohl Arbeitgeber als auch Arbeitnehmer allumfassend beraten.<\/p>\n<\/div><div class=\"fusion-title title fusion-title-2 fusion-sep-none fusion-title-text fusion-title-size-two\" style=\"--awb-text-color:#3353a0;--awb-margin-top:25px;--awb-margin-top-small:10px;--awb-margin-right-small:0px;--awb-margin-bottom-small:10px;--awb-margin-left-small:0px;--awb-font-size:28px;\"><h2 class=\"fusion-title-heading title-heading-left fusion-responsive-typography-calculated\" style=\"margin:0;font-size:1em;--fontSize:28;line-height:1.2;\">Key focus areas:<\/h2><\/div><div class=\"fusion-text fusion-text-2 mblfont\" style=\"--awb-font-size:27px;\"><ul>\n<li>Employment contracts \/ managing director contracts<\/li>\n<li>Freelance service agreements \/ contracts for work and services<\/li>\n<li>Terminations \/ summary dismissals \/ termination agreements<\/li>\n<li>Advice on business sales and restructurings<\/li>\n<li>Company pensions \/ employee severance scheme<\/li>\n<li>Proceedings before all labour and social courts<\/li>\n<\/ul>\n<\/div><div ><a class=\"fusion-button button-flat button-xlarge button-custom fusion-button-default button-1 fusion-button-default-span fusion-button-default-type fusion-has-button-gradient button-intro-kontakt\" style=\"--button_accent_color:#1c57ae;--button_border_color:#1c57ae;--button_accent_hover_color:#1c57ae;--button_border_hover_color:#1c57ae;--button_gradient_top_color:rgba(101,188,123,0);--button_gradient_bottom_color:rgba(101,188,123,0);--button_gradient_top_color_hover:rgba(90,168,108,0);--button_gradient_bottom_color_hover:rgba(90,168,108,0.01);--button_margin-top:30px;--button_margin-bottom:30px;\" target=\"_self\" href=\"https:\/\/wirtschaftskanzlei.at\/en\/contact\/\"><span class=\"fusion-button-text awb-button__text awb-button__text--default\">Get in touch now<\/span><\/a><\/div><\/div><\/div><\/div><\/div><div class=\"fusion-fullwidth fullwidth-box fusion-builder-row-3 fusion-flex-container nonhundred-percent-fullwidth non-hundred-percent-height-scrolling\" style=\"--awb-border-radius-top-left:0px;--awb-border-radius-top-right:0px;--awb-border-radius-bottom-right:0px;--awb-border-radius-bottom-left:0px;--awb-padding-top:29px;--awb-margin-top:0px;--awb-flex-wrap:wrap;\" ><div class=\"fusion-builder-row fusion-row fusion-flex-align-items-flex-start fusion-flex-content-wrap\" style=\"max-width:calc( 1200px + 10px );margin-left: calc(-10px \/ 2 );margin-right: calc(-10px \/ 2 );\"><div class=\"fusion-layout-column fusion_builder_column fusion-builder-column-2 fusion_builder_column_1_3 1_3 fusion-flex-column fusion-column-inner-bg-wrapper\" style=\"--awb-overflow:hidden;--awb-inner-bg-color:#1c57ae;--awb-inner-bg-color-hover:#1c57ae;--awb-inner-bg-size:cover;--awb-border-radius:5px 5px 5px 5px;--awb-inner-bg-border-radius:5px 5px 5px 5px;--awb-inner-bg-overflow:hidden;--awb-width-large:33.333333333333%;--awb-margin-top-large:0px;--awb-spacing-right-large:5px;--awb-margin-bottom-large:20px;--awb-spacing-left-large:5px;--awb-width-medium:33.333333333333%;--awb-order-medium:0;--awb-spacing-right-medium:5px;--awb-spacing-left-medium:5px;--awb-width-small:100%;--awb-order-small:0;--awb-spacing-right-small:5px;--awb-spacing-left-small:5px;\" data-scroll-devices=\"small-visibility,medium-visibility,large-visibility\"><span class=\"fusion-column-inner-bg hover-type-none\"><a class=\"fusion-column-anchor\" href=\"https:\/\/wirtschaftskanzlei.at\/en\/law\/\"><span class=\"fusion-column-inner-bg-image\"><\/span><\/a><\/span><div class=\"fusion-column-wrapper fusion-column-has-shadow fusion-flex-justify-content-flex-start fusion-content-layout-column\"><div class=\"fusion-title title fusion-title-3 fusion-sep-none fusion-title-center fusion-title-text fusion-title-size-div\" style=\"--awb-text-color:#ffffff;--awb-margin-top:35px;--awb-margin-bottom:30px;--awb-margin-top-small:35px;--awb-margin-right-small:0px;--awb-margin-bottom-small:30px;--awb-margin-left-small:0px;--awb-margin-top-medium:35px;--awb-margin-bottom-medium:30px;--awb-font-size:16pt;\"><div class=\"fusion-title-heading title-heading-center title-heading-tag fusion-responsive-typography-calculated\" style=\"font-family:&quot;Neue Helvetica Pro 53 Extended&quot;;font-style:normal;font-weight:400;margin:0;letter-spacing:1.5en;font-size:1em;--fontSize:18;--minFontSize:18;line-height:1;\">Law<\/div><\/div><\/div><\/div><div class=\"fusion-layout-column fusion_builder_column fusion-builder-column-3 fusion_builder_column_1_3 1_3 fusion-flex-column fusion-column-inner-bg-wrapper\" style=\"--awb-overflow:hidden;--awb-inner-bg-color:#9ebe8f;--awb-inner-bg-color-hover:#9ebe8f;--awb-inner-bg-size:cover;--awb-border-radius:5px 5px 5px 5px;--awb-inner-bg-border-radius:5px 5px 5px 5px;--awb-inner-bg-overflow:hidden;--awb-width-large:33.333333333333%;--awb-margin-top-large:0px;--awb-spacing-right-large:5px;--awb-margin-bottom-large:20px;--awb-spacing-left-large:5px;--awb-width-medium:33.333333333333%;--awb-order-medium:0;--awb-spacing-right-medium:5px;--awb-spacing-left-medium:5px;--awb-width-small:100%;--awb-order-small:0;--awb-spacing-right-small:5px;--awb-spacing-left-small:5px;\" data-scroll-devices=\"small-visibility,medium-visibility,large-visibility\"><span class=\"fusion-column-inner-bg hover-type-none\"><a class=\"fusion-column-anchor\" href=\"https:\/\/wirtschaftskanzlei.at\/en\/tax\/\"><span class=\"fusion-column-inner-bg-image\"><\/span><\/a><\/span><div class=\"fusion-column-wrapper fusion-column-has-shadow fusion-flex-justify-content-flex-start fusion-content-layout-column\"><div class=\"fusion-title title fusion-title-4 fusion-sep-none fusion-title-center fusion-title-text fusion-title-size-div\" style=\"--awb-text-color:#ffffff;--awb-margin-top:35px;--awb-margin-bottom:30px;--awb-margin-top-small:35px;--awb-margin-right-small:0px;--awb-margin-bottom-small:30px;--awb-margin-left-small:0px;--awb-margin-top-medium:35px;--awb-margin-bottom-medium:30px;--awb-font-size:16pt;\"><div class=\"fusion-title-heading title-heading-center title-heading-tag fusion-responsive-typography-calculated\" style=\"font-family:&quot;Neue Helvetica Pro 53 Extended&quot;;font-style:normal;font-weight:400;margin:0;font-size:1em;--fontSize:18;--minFontSize:18;line-height:1;\">Tax<\/div><\/div><\/div><\/div><div class=\"fusion-layout-column fusion_builder_column fusion-builder-column-4 fusion_builder_column_1_3 1_3 fusion-flex-column fusion-column-inner-bg-wrapper\" style=\"--awb-overflow:hidden;--awb-inner-bg-color:#b9b100;--awb-inner-bg-color-hover:#b9b100;--awb-inner-bg-size:cover;--awb-border-radius:5px 5px 5px 5px;--awb-inner-bg-border-radius:5px 5px 5px 5px;--awb-inner-bg-overflow:hidden;--awb-width-large:33.333333333333%;--awb-margin-top-large:0px;--awb-spacing-right-large:5px;--awb-margin-bottom-large:20px;--awb-spacing-left-large:5px;--awb-width-medium:33.333333333333%;--awb-order-medium:0;--awb-spacing-right-medium:5px;--awb-spacing-left-medium:5px;--awb-width-small:100%;--awb-order-small:0;--awb-spacing-right-small:5px;--awb-spacing-left-small:5px;\"><span class=\"fusion-column-inner-bg hover-type-none\"><a class=\"fusion-column-anchor\" href=\"https:\/\/wirtschaftskanzlei.at\/en\/real-estate\/\"><span class=\"fusion-column-inner-bg-image\"><\/span><\/a><\/span><div class=\"fusion-column-wrapper fusion-column-has-shadow fusion-flex-justify-content-flex-start fusion-content-layout-column\"><div class=\"fusion-title title fusion-title-5 fusion-sep-none fusion-title-center fusion-title-text fusion-title-size-div\" style=\"--awb-text-color:#ffffff;--awb-margin-top:35px;--awb-margin-bottom:30px;--awb-margin-top-small:35px;--awb-margin-right-small:0px;--awb-margin-bottom-small:30px;--awb-margin-left-small:0px;--awb-margin-top-medium:35px;--awb-margin-bottom-medium:30px;--awb-font-size:16pt;\"><div class=\"fusion-title-heading title-heading-center title-heading-tag fusion-responsive-typography-calculated\" style=\"font-family:&quot;Neue Helvetica Pro 53 Extended&quot;;font-style:normal;font-weight:400;margin:0;letter-spacing:1.5en;font-size:1em;--fontSize:18;--minFontSize:18;line-height:1;\">Real Estate<\/div><\/div><\/div><\/div><\/div><\/div><\/p>\n","protected":false},"excerpt":{"rendered":"","protected":false},"author":10,"featured_media":0,"parent":4946,"menu_order":0,"comment_status":"closed","ping_status":"closed","template":"100-width.php","meta":{"footnotes":""},"class_list":["post-4953","page","type-page","status-publish","hentry"],"yoast_head":"<!-- This site is optimized with the Yoast SEO plugin v27.3 - https:\/\/yoast.com\/product\/yoast-seo-wordpress\/ -->\n<title>Employment Law Lawyers | Die Wirtschaftskanzlei in Vienna<\/title>\n<meta name=\"description\" content=\"In employment law, our lawyers provide comprehensive advice and representation for employers and employees. Die Wirtschaftskanzlei in Vienna. Die Wirtschaftskanzlei Vienna.\" \/>\n<meta name=\"robots\" content=\"index, follow, max-snippet:-1, max-image-preview:large, max-video-preview:-1\" \/>\n<link rel=\"canonical\" href=\"https:\/\/wirtschaftskanzlei.at\/en\/law\/employment-law\/\" \/>\n<meta property=\"og:locale\" content=\"en_US\" \/>\n<meta property=\"og:type\" content=\"article\" \/>\n<meta property=\"og:title\" content=\"Employment Law Lawyers | Die Wirtschaftskanzlei in Vienna\" \/>\n<meta property=\"og:description\" content=\"In employment law, our lawyers provide comprehensive advice and representation for employers and employees. Die Wirtschaftskanzlei in Vienna. Die Wirtschaftskanzlei Vienna.\" \/>\n<meta property=\"og:url\" content=\"https:\/\/wirtschaftskanzlei.at\/en\/law\/employment-law\/\" \/>\n<meta property=\"og:site_name\" content=\"Die Wirtschaftskanzlei \u2013 Recht | Steuern |\u00a0Immobilien\" \/>\n<meta property=\"article:modified_time\" content=\"2026-03-31T07:24:02+00:00\" \/>\n<meta name=\"twitter:card\" content=\"summary_large_image\" \/>\n<meta name=\"twitter:label1\" content=\"Est. reading time\" \/>\n\t<meta name=\"twitter:data1\" content=\"1 minute\" \/>\n<script type=\"application\/ld+json\" class=\"yoast-schema-graph\">{\"@context\":\"https:\\\/\\\/schema.org\",\"@graph\":[{\"@type\":\"WebPage\",\"@id\":\"https:\\\/\\\/wirtschaftskanzlei.at\\\/en\\\/law\\\/employment-law\\\/\",\"url\":\"https:\\\/\\\/wirtschaftskanzlei.at\\\/en\\\/law\\\/employment-law\\\/\",\"name\":\"Employment Law Lawyers | Die Wirtschaftskanzlei in Vienna\",\"isPartOf\":{\"@id\":\"https:\\\/\\\/wirtschaftskanzlei.at\\\/en\\\/#website\"},\"datePublished\":\"2021-02-18T13:59:14+00:00\",\"dateModified\":\"2026-03-31T07:24:02+00:00\",\"description\":\"In employment law, our lawyers provide comprehensive advice and representation for employers and employees. Die Wirtschaftskanzlei in Vienna. Die Wirtschaftskanzlei Vienna.\",\"breadcrumb\":{\"@id\":\"https:\\\/\\\/wirtschaftskanzlei.at\\\/en\\\/law\\\/employment-law\\\/#breadcrumb\"},\"inLanguage\":\"en-US\",\"potentialAction\":[{\"@type\":\"ReadAction\",\"target\":[\"https:\\\/\\\/wirtschaftskanzlei.at\\\/en\\\/law\\\/employment-law\\\/\"]}]},{\"@type\":\"BreadcrumbList\",\"@id\":\"https:\\\/\\\/wirtschaftskanzlei.at\\\/en\\\/law\\\/employment-law\\\/#breadcrumb\",\"itemListElement\":[{\"@type\":\"ListItem\",\"position\":1,\"name\":\"Startseite\",\"item\":\"https:\\\/\\\/wirtschaftskanzlei.at\\\/en\\\/\"},{\"@type\":\"ListItem\",\"position\":2,\"name\":\"Law\",\"item\":\"https:\\\/\\\/wirtschaftskanzlei.at\\\/en\\\/law\\\/\"},{\"@type\":\"ListItem\",\"position\":3,\"name\":\"Employment Law\"}]},{\"@type\":\"WebSite\",\"@id\":\"https:\\\/\\\/wirtschaftskanzlei.at\\\/en\\\/#website\",\"url\":\"https:\\\/\\\/wirtschaftskanzlei.at\\\/en\\\/\",\"name\":\"Die Wirtschaftskanzlei \u2013 Recht | Steuern |\u00a0Immobilien\",\"description\":\"Kooperation schafft Vorsprung.\",\"publisher\":{\"@id\":\"https:\\\/\\\/wirtschaftskanzlei.at\\\/en\\\/#organization\"},\"potentialAction\":[{\"@type\":\"SearchAction\",\"target\":{\"@type\":\"EntryPoint\",\"urlTemplate\":\"https:\\\/\\\/wirtschaftskanzlei.at\\\/en\\\/?s={search_term_string}\"},\"query-input\":{\"@type\":\"PropertyValueSpecification\",\"valueRequired\":true,\"valueName\":\"search_term_string\"}}],\"inLanguage\":\"en-US\"},{\"@type\":\"Organization\",\"@id\":\"https:\\\/\\\/wirtschaftskanzlei.at\\\/en\\\/#organization\",\"name\":\"Die Wirtschaftskanzlei \u2013 Recht | Steuern |\u00a0Immobilien\",\"url\":\"https:\\\/\\\/wirtschaftskanzlei.at\\\/en\\\/\",\"logo\":{\"@type\":\"ImageObject\",\"inLanguage\":\"en-US\",\"@id\":\"https:\\\/\\\/wirtschaftskanzlei.at\\\/en\\\/#\\\/schema\\\/logo\\\/image\\\/\",\"url\":\"https:\\\/\\\/wirtschaftskanzlei.at\\\/wp-content\\\/uploads\\\/2020\\\/10\\\/Logo_DieWirtschaftskanzlei_x2.png\",\"contentUrl\":\"https:\\\/\\\/wirtschaftskanzlei.at\\\/wp-content\\\/uploads\\\/2020\\\/10\\\/Logo_DieWirtschaftskanzlei_x2.png\",\"width\":720,\"height\":45,\"caption\":\"Die Wirtschaftskanzlei \u2013 Recht | Steuern |\u00a0Immobilien\"},\"image\":{\"@id\":\"https:\\\/\\\/wirtschaftskanzlei.at\\\/en\\\/#\\\/schema\\\/logo\\\/image\\\/\"}}]}<\/script>\n<!-- \/ Yoast SEO plugin. -->","yoast_head_json":{"title":"Employment Law Lawyers | Die Wirtschaftskanzlei in Vienna","description":"In employment law, our lawyers provide comprehensive advice and representation for employers and employees. Die Wirtschaftskanzlei in Vienna. Die Wirtschaftskanzlei Vienna.","robots":{"index":"index","follow":"follow","max-snippet":"max-snippet:-1","max-image-preview":"max-image-preview:large","max-video-preview":"max-video-preview:-1"},"canonical":"https:\/\/wirtschaftskanzlei.at\/en\/law\/employment-law\/","og_locale":"en_US","og_type":"article","og_title":"Employment Law Lawyers | Die Wirtschaftskanzlei in Vienna","og_description":"In employment law, our lawyers provide comprehensive advice and representation for employers and employees. Die Wirtschaftskanzlei in Vienna. Die Wirtschaftskanzlei Vienna.","og_url":"https:\/\/wirtschaftskanzlei.at\/en\/law\/employment-law\/","og_site_name":"Die Wirtschaftskanzlei \u2013 Recht | Steuern |\u00a0Immobilien","article_modified_time":"2026-03-31T07:24:02+00:00","twitter_card":"summary_large_image","twitter_misc":{"Est. reading time":"1 minute"},"schema":{"@context":"https:\/\/schema.org","@graph":[{"@type":"WebPage","@id":"https:\/\/wirtschaftskanzlei.at\/en\/law\/employment-law\/","url":"https:\/\/wirtschaftskanzlei.at\/en\/law\/employment-law\/","name":"Employment Law Lawyers | Die Wirtschaftskanzlei in Vienna","isPartOf":{"@id":"https:\/\/wirtschaftskanzlei.at\/en\/#website"},"datePublished":"2021-02-18T13:59:14+00:00","dateModified":"2026-03-31T07:24:02+00:00","description":"In employment law, our lawyers provide comprehensive advice and representation for employers and employees. Die Wirtschaftskanzlei in Vienna. Die Wirtschaftskanzlei Vienna.","breadcrumb":{"@id":"https:\/\/wirtschaftskanzlei.at\/en\/law\/employment-law\/#breadcrumb"},"inLanguage":"en-US","potentialAction":[{"@type":"ReadAction","target":["https:\/\/wirtschaftskanzlei.at\/en\/law\/employment-law\/"]}]},{"@type":"BreadcrumbList","@id":"https:\/\/wirtschaftskanzlei.at\/en\/law\/employment-law\/#breadcrumb","itemListElement":[{"@type":"ListItem","position":1,"name":"Startseite","item":"https:\/\/wirtschaftskanzlei.at\/en\/"},{"@type":"ListItem","position":2,"name":"Law","item":"https:\/\/wirtschaftskanzlei.at\/en\/law\/"},{"@type":"ListItem","position":3,"name":"Employment Law"}]},{"@type":"WebSite","@id":"https:\/\/wirtschaftskanzlei.at\/en\/#website","url":"https:\/\/wirtschaftskanzlei.at\/en\/","name":"Die Wirtschaftskanzlei \u2013 Recht | Steuern |\u00a0Immobilien","description":"Kooperation schafft Vorsprung.","publisher":{"@id":"https:\/\/wirtschaftskanzlei.at\/en\/#organization"},"potentialAction":[{"@type":"SearchAction","target":{"@type":"EntryPoint","urlTemplate":"https:\/\/wirtschaftskanzlei.at\/en\/?s={search_term_string}"},"query-input":{"@type":"PropertyValueSpecification","valueRequired":true,"valueName":"search_term_string"}}],"inLanguage":"en-US"},{"@type":"Organization","@id":"https:\/\/wirtschaftskanzlei.at\/en\/#organization","name":"Die Wirtschaftskanzlei \u2013 Recht | Steuern |\u00a0Immobilien","url":"https:\/\/wirtschaftskanzlei.at\/en\/","logo":{"@type":"ImageObject","inLanguage":"en-US","@id":"https:\/\/wirtschaftskanzlei.at\/en\/#\/schema\/logo\/image\/","url":"https:\/\/wirtschaftskanzlei.at\/wp-content\/uploads\/2020\/10\/Logo_DieWirtschaftskanzlei_x2.png","contentUrl":"https:\/\/wirtschaftskanzlei.at\/wp-content\/uploads\/2020\/10\/Logo_DieWirtschaftskanzlei_x2.png","width":720,"height":45,"caption":"Die Wirtschaftskanzlei \u2013 Recht | Steuern |\u00a0Immobilien"},"image":{"@id":"https:\/\/wirtschaftskanzlei.at\/en\/#\/schema\/logo\/image\/"}}]}},"_links":{"self":[{"href":"https:\/\/wirtschaftskanzlei.at\/en\/wp-json\/wp\/v2\/pages\/4953","targetHints":{"allow":["GET"]}}],"collection":[{"href":"https:\/\/wirtschaftskanzlei.at\/en\/wp-json\/wp\/v2\/pages"}],"about":[{"href":"https:\/\/wirtschaftskanzlei.at\/en\/wp-json\/wp\/v2\/types\/page"}],"author":[{"embeddable":true,"href":"https:\/\/wirtschaftskanzlei.at\/en\/wp-json\/wp\/v2\/users\/10"}],"replies":[{"embeddable":true,"href":"https:\/\/wirtschaftskanzlei.at\/en\/wp-json\/wp\/v2\/comments?post=4953"}],"version-history":[{"count":4,"href":"https:\/\/wirtschaftskanzlei.at\/en\/wp-json\/wp\/v2\/pages\/4953\/revisions"}],"predecessor-version":[{"id":5077,"href":"https:\/\/wirtschaftskanzlei.at\/en\/wp-json\/wp\/v2\/pages\/4953\/revisions\/5077"}],"up":[{"embeddable":true,"href":"https:\/\/wirtschaftskanzlei.at\/en\/wp-json\/wp\/v2\/pages\/4946"}],"wp:attachment":[{"href":"https:\/\/wirtschaftskanzlei.at\/en\/wp-json\/wp\/v2\/media?parent=4953"}],"curies":[{"name":"wp","href":"https:\/\/api.w.org\/{rel}","templated":true}]}}