{"id":4867,"date":"2021-03-31T17:13:48","date_gmt":"2021-03-31T15:13:48","guid":{"rendered":"https:\/\/wirtschaftskanzlei.at\/tax\/real-estate-tax-advisory\/"},"modified":"2026-03-31T10:06:35","modified_gmt":"2026-03-31T08:06:35","slug":"real-estate-tax-advisory","status":"publish","type":"page","link":"https:\/\/wirtschaftskanzlei.at\/en\/tax\/real-estate-tax-advisory\/","title":{"rendered":"Real Estate Tax Advisory"},"content":{"rendered":"<p><div class=\"fusion-fullwidth fullwidth-box fusion-builder-row-1 fusion-flex-container nonhundred-percent-fullwidth non-hundred-percent-height-scrolling\" style=\"--awb-border-radius-top-left:0px;--awb-border-radius-top-right:0px;--awb-border-radius-bottom-right:0px;--awb-border-radius-bottom-left:0px;--awb-padding-top-medium:0px;--awb-margin-top:20px;--awb-margin-top-medium:85px;--awb-flex-wrap:wrap;\" ><div class=\"fusion-builder-row fusion-row fusion-flex-align-items-flex-start fusion-flex-content-wrap\" style=\"max-width:1248px;margin-left: calc(-4% \/ 2 );margin-right: calc(-4% \/ 2 );\"><div class=\"fusion-layout-column fusion_builder_column fusion-builder-column-0 fusion_builder_column_3_5 3_5 fusion-flex-column\" style=\"--awb-bg-size:cover;--awb-width-large:60%;--awb-margin-top-large:0px;--awb-spacing-right-large:3.2%;--awb-margin-bottom-large:20px;--awb-spacing-left-large:3.2%;--awb-width-medium:50%;--awb-order-medium:0;--awb-spacing-right-medium:0.96%;--awb-spacing-left-medium:3.84%;--awb-width-small:100%;--awb-order-small:0;--awb-spacing-right-small:1.92%;--awb-spacing-left-small:1.92%;\"><div class=\"fusion-column-wrapper fusion-column-has-shadow fusion-flex-justify-content-flex-start fusion-content-layout-column\"><div class=\"fusion-title title fusion-title-1 fusion-sep-none fusion-title-text fusion-title-size-one\" style=\"--awb-text-color:#8cbf90;--awb-margin-bottom:10px;--awb-margin-top-small:10px;--awb-margin-right-small:0px;--awb-margin-bottom-small:10px;--awb-margin-left-small:0px;--awb-font-size:30px;\"><h1 class=\"fusion-title-heading title-heading-left fusion-responsive-typography-calculated\" style=\"margin:0;font-size:1em;--fontSize:30;line-height:1.4;\">Real Estate Tax Advisory<\/h1><\/div><div class=\"fusion-separator\" style=\"align-self: flex-start;margin-right:auto;margin-bottom:50px;width:100%;max-width:676px;\"><div class=\"fusion-separator-border sep-single sep-solid\" style=\"--awb-height:20px;--awb-amount:20px;--awb-sep-color:#8cbf90;border-color:#8cbf90;border-top-width:4px;\"><\/div><\/div><\/div><\/div><\/div><\/div><div class=\"fusion-fullwidth fullwidth-box fusion-builder-row-2 fusion-flex-container nonhundred-percent-fullwidth non-hundred-percent-height-scrolling\" style=\"--awb-border-radius-top-left:0px;--awb-border-radius-top-right:0px;--awb-border-radius-bottom-right:0px;--awb-border-radius-bottom-left:0px;--awb-padding-bottom:0px;--awb-margin-bottom:74px;--awb-flex-wrap:wrap;\" ><div class=\"fusion-builder-row fusion-row fusion-flex-align-items-flex-start fusion-flex-content-wrap\" style=\"max-width:1248px;margin-left: calc(-4% \/ 2 );margin-right: calc(-4% \/ 2 );\"><div class=\"fusion-layout-column fusion_builder_column fusion-builder-column-1 fusion_builder_column_1_1 1_1 fusion-flex-column\" style=\"--awb-bg-size:cover;--awb-width-large:100%;--awb-margin-top-large:0px;--awb-spacing-right-large:1.92%;--awb-margin-bottom-large:20px;--awb-spacing-left-large:1.92%;--awb-width-medium:100%;--awb-order-medium:0;--awb-spacing-right-medium:1.92%;--awb-spacing-left-medium:1.92%;--awb-width-small:100%;--awb-order-small:0;--awb-spacing-right-small:1.92%;--awb-spacing-left-small:1.92%;\"><div class=\"fusion-column-wrapper fusion-column-has-shadow fusion-flex-justify-content-flex-start fusion-content-layout-column\"><div class=\"fusion-text fusion-text-1 mblfont\" style=\"--awb-font-size:27px;\"><p>Tax advice relating to real estate has changed significantly in recent years. Amendments to the Real Estate Transfer Tax Act and the introduction of real estate income tax are only the tip of a constantly evolving field. We advise you both on investing in real estate and on the sale of property. Die Beratung in Transaktionen mit Immobiliengesellschaft und die Rechtsformengestaltung ist ein weiterer wichtiger Beratungsschwerpunkt, den wir anbieten. Die laufende Buchhaltung und die Erstellung von Jahresabschl\u00fcssen sowohl f\u00fcr nat\u00fcrliche als auch f\u00fcr juristische Immobilienunternehmen ist eine erg\u00e4nzende laufende Serviceleistung zur steuerlichen Beratung. Whether private individuals, developers or corporate groups \u2013 we develop tax-efficient structures and support you from planning and transaction execution through to ongoing tax compliance.<\/p>\n<\/div><div class=\"fusion-title title fusion-title-2 fusion-sep-none fusion-title-text fusion-title-size-two\" style=\"--awb-text-color:#9ebe8f;--awb-margin-top:25px;--awb-margin-top-small:10px;--awb-margin-right-small:0px;--awb-margin-bottom-small:10px;--awb-margin-left-small:0px;--awb-font-size:28px;\"><h2 class=\"fusion-title-heading title-heading-left fusion-responsive-typography-calculated\" style=\"margin:0;font-size:1em;--fontSize:28;line-height:1.2;\">In particular, we advise on:<\/h2><\/div><div class=\"fusion-text fusion-text-2 mblfont\" style=\"--awb-font-size:27px;\"><ul>\n<li>Real estate acquisitions and disposals (asset and share deals)<\/li>\n<li>Real estate transfer tax, VAT and real estate income tax<\/li>\n<li>Structuring of holding and financing models<\/li>\n<li>Ongoing tax matters in property management and rentals<\/li>\n<li>Tax aspects of property development projects<\/li>\n<\/ul>\n<\/div><div class=\"fusion-title title fusion-title-3 fusion-sep-none fusion-title-text fusion-title-size-two\" style=\"--awb-text-color:#9ebe8f;--awb-margin-top:25px;--awb-margin-top-small:10px;--awb-margin-right-small:0px;--awb-margin-bottom-small:10px;--awb-margin-left-small:0px;--awb-font-size:28px;\"><h2 class=\"fusion-title-heading title-heading-left fusion-responsive-typography-calculated\" style=\"margin:0;font-size:1em;--fontSize:28;line-height:1.2;\">Key focus areas<\/h2><\/div><div class=\"fusion-text fusion-text-3 mblfont\" style=\"--awb-font-size:27px;\"><ul>\n<li>Tax structuring of real estate transactions<\/li>\n<li>Real estate transfer tax and real estate income tax<\/li>\n<li>VAT in real estate (option to tax, input VAT, adjustments)<\/li>\n<li>Holding structures and financing concepts<\/li>\n<li>Support through signing and closing<\/li>\n<\/ul>\n<\/div><div ><a class=\"fusion-button button-flat button-xlarge button-custom fusion-button-default button-1 fusion-button-default-span fusion-button-default-type fusion-has-button-gradient button-intro-kontakt\" style=\"--button_accent_color:#8cbf90;--button_border_color:#8cbf90;--button_accent_hover_color:#8cbf90;--button_border_hover_color:#8cbf90;--button_gradient_top_color:rgba(101,188,123,0);--button_gradient_bottom_color:rgba(101,188,123,0);--button_gradient_top_color_hover:rgba(90,168,108,0);--button_gradient_bottom_color_hover:rgba(90,168,108,0.01);--button_margin-top:30px;--button_margin-bottom:30px;\" target=\"_self\" href=\"https:\/\/wirtschaftskanzlei.at\/en\/contact\/\"><span class=\"fusion-button-text awb-button__text awb-button__text--default\">Get in touch now<\/span><\/a><\/div><\/div><\/div><\/div><\/div><div class=\"fusion-fullwidth fullwidth-box fusion-builder-row-3 fusion-flex-container nonhundred-percent-fullwidth non-hundred-percent-height-scrolling\" style=\"--awb-border-radius-top-left:0px;--awb-border-radius-top-right:0px;--awb-border-radius-bottom-right:0px;--awb-border-radius-bottom-left:0px;--awb-padding-top:29px;--awb-margin-top:0px;--awb-flex-wrap:wrap;\" ><div class=\"fusion-builder-row fusion-row fusion-flex-align-items-flex-start fusion-flex-content-wrap\" style=\"max-width:calc( 1200px + 10px );margin-left: calc(-10px \/ 2 );margin-right: calc(-10px \/ 2 );\"><div class=\"fusion-layout-column fusion_builder_column fusion-builder-column-2 fusion_builder_column_1_3 1_3 fusion-flex-column fusion-column-inner-bg-wrapper\" style=\"--awb-overflow:hidden;--awb-inner-bg-color:#1c57ae;--awb-inner-bg-color-hover:#1c57ae;--awb-inner-bg-size:cover;--awb-border-radius:5px 5px 5px 5px;--awb-inner-bg-border-radius:5px 5px 5px 5px;--awb-inner-bg-overflow:hidden;--awb-width-large:33.333333333333%;--awb-margin-top-large:0px;--awb-spacing-right-large:5px;--awb-margin-bottom-large:20px;--awb-spacing-left-large:5px;--awb-width-medium:33.333333333333%;--awb-order-medium:0;--awb-spacing-right-medium:5px;--awb-spacing-left-medium:5px;--awb-width-small:100%;--awb-order-small:0;--awb-spacing-right-small:5px;--awb-spacing-left-small:5px;\" data-scroll-devices=\"small-visibility,medium-visibility,large-visibility\"><span class=\"fusion-column-inner-bg hover-type-none\"><a class=\"fusion-column-anchor\" href=\"https:\/\/wirtschaftskanzlei.at\/en\/law\/\"><span class=\"fusion-column-inner-bg-image\"><\/span><\/a><\/span><div class=\"fusion-column-wrapper fusion-column-has-shadow fusion-flex-justify-content-flex-start fusion-content-layout-column\"><div class=\"fusion-title title fusion-title-4 fusion-sep-none fusion-title-center fusion-title-text fusion-title-size-div\" style=\"--awb-text-color:#ffffff;--awb-margin-top:35px;--awb-margin-bottom:30px;--awb-margin-top-small:35px;--awb-margin-right-small:0px;--awb-margin-bottom-small:30px;--awb-margin-left-small:0px;--awb-margin-top-medium:35px;--awb-margin-bottom-medium:30px;--awb-font-size:16pt;\"><div class=\"fusion-title-heading title-heading-center title-heading-tag fusion-responsive-typography-calculated\" style=\"font-family:&quot;Neue Helvetica Pro 53 Extended&quot;;font-style:normal;font-weight:400;margin:0;letter-spacing:1.5en;font-size:1em;--fontSize:18;--minFontSize:18;line-height:1;\">Law<\/div><\/div><\/div><\/div><div class=\"fusion-layout-column fusion_builder_column fusion-builder-column-3 fusion_builder_column_1_3 1_3 fusion-flex-column fusion-column-inner-bg-wrapper\" style=\"--awb-overflow:hidden;--awb-inner-bg-color:#9ebe8f;--awb-inner-bg-color-hover:#9ebe8f;--awb-inner-bg-size:cover;--awb-border-radius:5px 5px 5px 5px;--awb-inner-bg-border-radius:5px 5px 5px 5px;--awb-inner-bg-overflow:hidden;--awb-width-large:33.333333333333%;--awb-margin-top-large:0px;--awb-spacing-right-large:5px;--awb-margin-bottom-large:20px;--awb-spacing-left-large:5px;--awb-width-medium:33.333333333333%;--awb-order-medium:0;--awb-spacing-right-medium:5px;--awb-spacing-left-medium:5px;--awb-width-small:100%;--awb-order-small:0;--awb-spacing-right-small:5px;--awb-spacing-left-small:5px;\" data-scroll-devices=\"small-visibility,medium-visibility,large-visibility\"><span class=\"fusion-column-inner-bg hover-type-none\"><a class=\"fusion-column-anchor\" href=\"https:\/\/wirtschaftskanzlei.at\/en\/tax\/\"><span class=\"fusion-column-inner-bg-image\"><\/span><\/a><\/span><div class=\"fusion-column-wrapper fusion-column-has-shadow fusion-flex-justify-content-flex-start fusion-content-layout-column\"><div class=\"fusion-title title fusion-title-5 fusion-sep-none fusion-title-center fusion-title-text fusion-title-size-div\" style=\"--awb-text-color:#ffffff;--awb-margin-top:35px;--awb-margin-bottom:30px;--awb-margin-top-small:35px;--awb-margin-right-small:0px;--awb-margin-bottom-small:30px;--awb-margin-left-small:0px;--awb-margin-top-medium:35px;--awb-margin-bottom-medium:30px;--awb-font-size:16pt;\"><div class=\"fusion-title-heading title-heading-center title-heading-tag fusion-responsive-typography-calculated\" style=\"font-family:&quot;Neue Helvetica Pro 53 Extended&quot;;font-style:normal;font-weight:400;margin:0;font-size:1em;--fontSize:18;--minFontSize:18;line-height:1;\">Tax<\/div><\/div><\/div><\/div><div class=\"fusion-layout-column fusion_builder_column fusion-builder-column-4 fusion_builder_column_1_3 1_3 fusion-flex-column fusion-column-inner-bg-wrapper\" style=\"--awb-overflow:hidden;--awb-inner-bg-color:#b9b100;--awb-inner-bg-color-hover:#b9b100;--awb-inner-bg-size:cover;--awb-border-radius:5px 5px 5px 5px;--awb-inner-bg-border-radius:5px 5px 5px 5px;--awb-inner-bg-overflow:hidden;--awb-width-large:33.333333333333%;--awb-margin-top-large:0px;--awb-spacing-right-large:5px;--awb-margin-bottom-large:20px;--awb-spacing-left-large:5px;--awb-width-medium:33.333333333333%;--awb-order-medium:0;--awb-spacing-right-medium:5px;--awb-spacing-left-medium:5px;--awb-width-small:100%;--awb-order-small:0;--awb-spacing-right-small:5px;--awb-spacing-left-small:5px;\"><span class=\"fusion-column-inner-bg hover-type-none\"><a class=\"fusion-column-anchor\" href=\"https:\/\/wirtschaftskanzlei.at\/en\/real-estate\/\"><span class=\"fusion-column-inner-bg-image\"><\/span><\/a><\/span><div class=\"fusion-column-wrapper fusion-column-has-shadow fusion-flex-justify-content-flex-start fusion-content-layout-column\"><div class=\"fusion-title title fusion-title-6 fusion-sep-none fusion-title-center fusion-title-text fusion-title-size-div\" style=\"--awb-text-color:#ffffff;--awb-margin-top:35px;--awb-margin-bottom:30px;--awb-margin-top-small:35px;--awb-margin-right-small:0px;--awb-margin-bottom-small:30px;--awb-margin-left-small:0px;--awb-margin-top-medium:35px;--awb-margin-bottom-medium:30px;--awb-font-size:16pt;\"><div class=\"fusion-title-heading title-heading-center title-heading-tag fusion-responsive-typography-calculated\" style=\"font-family:&quot;Neue Helvetica Pro 53 Extended&quot;;font-style:normal;font-weight:400;margin:0;letter-spacing:1.5en;font-size:1em;--fontSize:18;--minFontSize:18;line-height:1;\">Real Estate<\/div><\/div><\/div><\/div><\/div><\/div><\/p>\n","protected":false},"excerpt":{"rendered":"","protected":false},"author":10,"featured_media":0,"parent":4807,"menu_order":0,"comment_status":"closed","ping_status":"closed","template":"100-width.php","meta":{"footnotes":""},"class_list":["post-4867","page","type-page","status-publish","hentry"],"yoast_head":"<!-- This site is optimized with the Yoast SEO plugin v27.3 - https:\/\/yoast.com\/product\/yoast-seo-wordpress\/ -->\n<title>Real Estate Tax Advisory | Die Wirtschaftskanzlei Vienna<\/title>\n<meta name=\"description\" content=\"For the purchase or sale of a property, as well as for ongoing bookkeeping, our tax advisor is there to assist you.\" \/>\n<meta name=\"robots\" content=\"index, follow, max-snippet:-1, max-image-preview:large, max-video-preview:-1\" \/>\n<link rel=\"canonical\" href=\"https:\/\/wirtschaftskanzlei.at\/en\/tax\/real-estate-tax-advisory\/\" \/>\n<meta property=\"og:locale\" content=\"en_US\" \/>\n<meta property=\"og:type\" content=\"article\" \/>\n<meta property=\"og:title\" content=\"Real Estate Tax Advisory | Die Wirtschaftskanzlei Vienna\" \/>\n<meta property=\"og:description\" content=\"For the purchase or sale of a property, as well as for ongoing bookkeeping, our tax advisor is there to assist you.\" \/>\n<meta property=\"og:url\" content=\"https:\/\/wirtschaftskanzlei.at\/en\/tax\/real-estate-tax-advisory\/\" \/>\n<meta property=\"og:site_name\" content=\"Die Wirtschaftskanzlei \u2013 Recht | Steuern |\u00a0Immobilien\" \/>\n<meta property=\"article:modified_time\" content=\"2026-03-31T08:06:35+00:00\" \/>\n<meta name=\"twitter:card\" content=\"summary_large_image\" \/>\n<meta name=\"twitter:label1\" content=\"Est. reading time\" \/>\n\t<meta name=\"twitter:data1\" content=\"2 minutes\" \/>\n<script type=\"application\/ld+json\" class=\"yoast-schema-graph\">{\"@context\":\"https:\\\/\\\/schema.org\",\"@graph\":[{\"@type\":\"WebPage\",\"@id\":\"https:\\\/\\\/wirtschaftskanzlei.at\\\/en\\\/tax\\\/real-estate-tax-advisory\\\/\",\"url\":\"https:\\\/\\\/wirtschaftskanzlei.at\\\/en\\\/tax\\\/real-estate-tax-advisory\\\/\",\"name\":\"Real Estate Tax Advisory | Die Wirtschaftskanzlei Vienna\",\"isPartOf\":{\"@id\":\"https:\\\/\\\/wirtschaftskanzlei.at\\\/en\\\/#website\"},\"datePublished\":\"2021-03-31T15:13:48+00:00\",\"dateModified\":\"2026-03-31T08:06:35+00:00\",\"description\":\"For the purchase or sale of a property, as well as for ongoing bookkeeping, our tax advisor is there to assist you.\",\"breadcrumb\":{\"@id\":\"https:\\\/\\\/wirtschaftskanzlei.at\\\/en\\\/tax\\\/real-estate-tax-advisory\\\/#breadcrumb\"},\"inLanguage\":\"en-US\",\"potentialAction\":[{\"@type\":\"ReadAction\",\"target\":[\"https:\\\/\\\/wirtschaftskanzlei.at\\\/en\\\/tax\\\/real-estate-tax-advisory\\\/\"]}]},{\"@type\":\"BreadcrumbList\",\"@id\":\"https:\\\/\\\/wirtschaftskanzlei.at\\\/en\\\/tax\\\/real-estate-tax-advisory\\\/#breadcrumb\",\"itemListElement\":[{\"@type\":\"ListItem\",\"position\":1,\"name\":\"Startseite\",\"item\":\"https:\\\/\\\/wirtschaftskanzlei.at\\\/en\\\/\"},{\"@type\":\"ListItem\",\"position\":2,\"name\":\"Tax\",\"item\":\"https:\\\/\\\/wirtschaftskanzlei.at\\\/en\\\/tax\\\/\"},{\"@type\":\"ListItem\",\"position\":3,\"name\":\"Real Estate Tax Advisory\"}]},{\"@type\":\"WebSite\",\"@id\":\"https:\\\/\\\/wirtschaftskanzlei.at\\\/en\\\/#website\",\"url\":\"https:\\\/\\\/wirtschaftskanzlei.at\\\/en\\\/\",\"name\":\"Die Wirtschaftskanzlei \u2013 Recht | Steuern |\u00a0Immobilien\",\"description\":\"Kooperation schafft Vorsprung.\",\"publisher\":{\"@id\":\"https:\\\/\\\/wirtschaftskanzlei.at\\\/en\\\/#organization\"},\"potentialAction\":[{\"@type\":\"SearchAction\",\"target\":{\"@type\":\"EntryPoint\",\"urlTemplate\":\"https:\\\/\\\/wirtschaftskanzlei.at\\\/en\\\/?s={search_term_string}\"},\"query-input\":{\"@type\":\"PropertyValueSpecification\",\"valueRequired\":true,\"valueName\":\"search_term_string\"}}],\"inLanguage\":\"en-US\"},{\"@type\":\"Organization\",\"@id\":\"https:\\\/\\\/wirtschaftskanzlei.at\\\/en\\\/#organization\",\"name\":\"Die Wirtschaftskanzlei \u2013 Recht | Steuern |\u00a0Immobilien\",\"url\":\"https:\\\/\\\/wirtschaftskanzlei.at\\\/en\\\/\",\"logo\":{\"@type\":\"ImageObject\",\"inLanguage\":\"en-US\",\"@id\":\"https:\\\/\\\/wirtschaftskanzlei.at\\\/en\\\/#\\\/schema\\\/logo\\\/image\\\/\",\"url\":\"https:\\\/\\\/wirtschaftskanzlei.at\\\/wp-content\\\/uploads\\\/2020\\\/10\\\/Logo_DieWirtschaftskanzlei_x2.png\",\"contentUrl\":\"https:\\\/\\\/wirtschaftskanzlei.at\\\/wp-content\\\/uploads\\\/2020\\\/10\\\/Logo_DieWirtschaftskanzlei_x2.png\",\"width\":720,\"height\":45,\"caption\":\"Die Wirtschaftskanzlei \u2013 Recht | Steuern |\u00a0Immobilien\"},\"image\":{\"@id\":\"https:\\\/\\\/wirtschaftskanzlei.at\\\/en\\\/#\\\/schema\\\/logo\\\/image\\\/\"}}]}<\/script>\n<!-- \/ Yoast SEO plugin. -->","yoast_head_json":{"title":"Real Estate Tax Advisory | Die Wirtschaftskanzlei Vienna","description":"For the purchase or sale of a property, as well as for ongoing bookkeeping, our tax advisor is there to assist you.","robots":{"index":"index","follow":"follow","max-snippet":"max-snippet:-1","max-image-preview":"max-image-preview:large","max-video-preview":"max-video-preview:-1"},"canonical":"https:\/\/wirtschaftskanzlei.at\/en\/tax\/real-estate-tax-advisory\/","og_locale":"en_US","og_type":"article","og_title":"Real Estate Tax Advisory | Die Wirtschaftskanzlei Vienna","og_description":"For the purchase or sale of a property, as well as for ongoing bookkeeping, our tax advisor is there to assist you.","og_url":"https:\/\/wirtschaftskanzlei.at\/en\/tax\/real-estate-tax-advisory\/","og_site_name":"Die Wirtschaftskanzlei \u2013 Recht | Steuern |\u00a0Immobilien","article_modified_time":"2026-03-31T08:06:35+00:00","twitter_card":"summary_large_image","twitter_misc":{"Est. reading time":"2 minutes"},"schema":{"@context":"https:\/\/schema.org","@graph":[{"@type":"WebPage","@id":"https:\/\/wirtschaftskanzlei.at\/en\/tax\/real-estate-tax-advisory\/","url":"https:\/\/wirtschaftskanzlei.at\/en\/tax\/real-estate-tax-advisory\/","name":"Real Estate Tax Advisory | Die Wirtschaftskanzlei Vienna","isPartOf":{"@id":"https:\/\/wirtschaftskanzlei.at\/en\/#website"},"datePublished":"2021-03-31T15:13:48+00:00","dateModified":"2026-03-31T08:06:35+00:00","description":"For the purchase or sale of a property, as well as for ongoing bookkeeping, our tax advisor is there to assist you.","breadcrumb":{"@id":"https:\/\/wirtschaftskanzlei.at\/en\/tax\/real-estate-tax-advisory\/#breadcrumb"},"inLanguage":"en-US","potentialAction":[{"@type":"ReadAction","target":["https:\/\/wirtschaftskanzlei.at\/en\/tax\/real-estate-tax-advisory\/"]}]},{"@type":"BreadcrumbList","@id":"https:\/\/wirtschaftskanzlei.at\/en\/tax\/real-estate-tax-advisory\/#breadcrumb","itemListElement":[{"@type":"ListItem","position":1,"name":"Startseite","item":"https:\/\/wirtschaftskanzlei.at\/en\/"},{"@type":"ListItem","position":2,"name":"Tax","item":"https:\/\/wirtschaftskanzlei.at\/en\/tax\/"},{"@type":"ListItem","position":3,"name":"Real Estate Tax Advisory"}]},{"@type":"WebSite","@id":"https:\/\/wirtschaftskanzlei.at\/en\/#website","url":"https:\/\/wirtschaftskanzlei.at\/en\/","name":"Die Wirtschaftskanzlei \u2013 Recht | Steuern |\u00a0Immobilien","description":"Kooperation schafft Vorsprung.","publisher":{"@id":"https:\/\/wirtschaftskanzlei.at\/en\/#organization"},"potentialAction":[{"@type":"SearchAction","target":{"@type":"EntryPoint","urlTemplate":"https:\/\/wirtschaftskanzlei.at\/en\/?s={search_term_string}"},"query-input":{"@type":"PropertyValueSpecification","valueRequired":true,"valueName":"search_term_string"}}],"inLanguage":"en-US"},{"@type":"Organization","@id":"https:\/\/wirtschaftskanzlei.at\/en\/#organization","name":"Die Wirtschaftskanzlei \u2013 Recht | Steuern |\u00a0Immobilien","url":"https:\/\/wirtschaftskanzlei.at\/en\/","logo":{"@type":"ImageObject","inLanguage":"en-US","@id":"https:\/\/wirtschaftskanzlei.at\/en\/#\/schema\/logo\/image\/","url":"https:\/\/wirtschaftskanzlei.at\/wp-content\/uploads\/2020\/10\/Logo_DieWirtschaftskanzlei_x2.png","contentUrl":"https:\/\/wirtschaftskanzlei.at\/wp-content\/uploads\/2020\/10\/Logo_DieWirtschaftskanzlei_x2.png","width":720,"height":45,"caption":"Die Wirtschaftskanzlei \u2013 Recht | Steuern |\u00a0Immobilien"},"image":{"@id":"https:\/\/wirtschaftskanzlei.at\/en\/#\/schema\/logo\/image\/"}}]}},"_links":{"self":[{"href":"https:\/\/wirtschaftskanzlei.at\/en\/wp-json\/wp\/v2\/pages\/4867","targetHints":{"allow":["GET"]}}],"collection":[{"href":"https:\/\/wirtschaftskanzlei.at\/en\/wp-json\/wp\/v2\/pages"}],"about":[{"href":"https:\/\/wirtschaftskanzlei.at\/en\/wp-json\/wp\/v2\/types\/page"}],"author":[{"embeddable":true,"href":"https:\/\/wirtschaftskanzlei.at\/en\/wp-json\/wp\/v2\/users\/10"}],"replies":[{"embeddable":true,"href":"https:\/\/wirtschaftskanzlei.at\/en\/wp-json\/wp\/v2\/comments?post=4867"}],"version-history":[{"count":5,"href":"https:\/\/wirtschaftskanzlei.at\/en\/wp-json\/wp\/v2\/pages\/4867\/revisions"}],"predecessor-version":[{"id":5128,"href":"https:\/\/wirtschaftskanzlei.at\/en\/wp-json\/wp\/v2\/pages\/4867\/revisions\/5128"}],"up":[{"embeddable":true,"href":"https:\/\/wirtschaftskanzlei.at\/en\/wp-json\/wp\/v2\/pages\/4807"}],"wp:attachment":[{"href":"https:\/\/wirtschaftskanzlei.at\/en\/wp-json\/wp\/v2\/media?parent=4867"}],"curies":[{"name":"wp","href":"https:\/\/api.w.org\/{rel}","templated":true}]}}